{"id":471,"date":"2022-02-06T12:35:52","date_gmt":"2022-02-06T12:35:52","guid":{"rendered":"https:\/\/gruene-kreistag-rnk.de\/?page_id=471"},"modified":"2025-07-30T08:46:25","modified_gmt":"2025-07-30T07:46:25","slug":"dr-claudia-schmiedeberg","status":"publish","type":"page","link":"https:\/\/gruene-kreistag-rnk.de\/index.php\/dr-claudia-schmiedeberg\/","title":{"rendered":"Dr. Claudia Schmiedeberg"},"content":{"rendered":"\n<div class=\"wp-block-media-text alignwide is-stacked-on-mobile\"><figure class=\"wp-block-media-text__media\"><img loading=\"lazy\" decoding=\"async\" width=\"682\" height=\"1024\" src=\"https:\/\/gruene-kreistag-rnk.de\/wp-content\/uploads\/2022\/02\/Claudia-682x1024.jpg\" alt=\"\" class=\"wp-image-339 size-full\" srcset=\"https:\/\/gruene-kreistag-rnk.de\/wp-content\/uploads\/2022\/02\/Claudia-682x1024.jpg 682w, https:\/\/gruene-kreistag-rnk.de\/wp-content\/uploads\/2022\/02\/Claudia-200x300.jpg 200w, https:\/\/gruene-kreistag-rnk.de\/wp-content\/uploads\/2022\/02\/Claudia-768x1153.jpg 768w, https:\/\/gruene-kreistag-rnk.de\/wp-content\/uploads\/2022\/02\/Claudia-1023x1536.jpg 1023w, https:\/\/gruene-kreistag-rnk.de\/wp-content\/uploads\/2022\/02\/Claudia-1365x2048.jpg 1365w, https:\/\/gruene-kreistag-rnk.de\/wp-content\/uploads\/2022\/02\/Claudia-scaled.jpg 1706w\" sizes=\"auto, (max-width: 682px) 100vw, 682px\" \/><\/figure><div class=\"wp-block-media-text__content\">\n<p>Name: Dr. Claudia Schmiedeberg<\/p>\n\n\n\n<p>Ausbildung\/Beruf: Sozialwissenschaftlerin &nbsp;&nbsp;<\/p>\n\n\n\n<p>Wahlkreis: Dossenheim\/Schriesheim\/Hirschberg &nbsp;&nbsp;<\/p>\n\n\n\n<p><strong>Funktionen\/Mitgliedschaften\/\u00c4mter im Kreistag: <\/strong><\/p>\n\n\n\n<ul class=\"wp-block-list\">\n<li>im Kreistag seit 2019<\/li>\n\n\n\n<li>stellvertretendes Mitglied im Verwaltungs- und Finanzausschuss<\/li>\n\n\n\n<li>stellvertretendes Mitglied im Ausschuss f\u00fcr Umwelt, Verkehr und Wirtschaft<\/li>\n\n\n\n<li>stellvertretendes Mitglied im Ausschuss f\u00fcr Schule, Kultur und Sport<\/li>\n\n\n\n<li>stellvertretendes Mitglied im Ausschuss f\u00fcr Soziales<\/li>\n\n\n\n<li>stellvertretendes Mitglied im Jugendhilfeausschuss<\/li>\n\n\n\n<li>stellvertretendes Mitglied im Sportausschuss<\/li>\n\n\n\n<li>Aufsichtsrat Stifts Sunnisheim gGmbH<\/li>\n<\/ul>\n\n\n\n<p>, im Lenkungskreis Mobilit\u00e4t und im Zweckverband Verkehrsverbund Rhein-Neckar \u00a0??<\/p>\n\n\n\n<p>Weitere politische \u00c4mter: Vorstandsmitglied der Gr\u00fcnen Liste Hirschberg, des Ortsverbands Hirschberg von B\u00fcndnis 90\/Die Gr\u00fcnen und des Kreisverbands Neckar-Bergstra\u00dfe von B\u00fcndnis 90\/Die Gr\u00fcnen<\/p>\n<\/div><\/div>\n\n\n\n<p><\/p>\n","protected":false},"excerpt":{"rendered":"","protected":false},"author":1,"featured_media":0,"parent":0,"menu_order":0,"comment_status":"closed","ping_status":"closed","template":"","meta":{"footnotes":""},"class_list":["post-471","page","type-page","status-publish","hentry"],"yoast_head":"<!-- This site is optimized with the Yoast SEO plugin v27.5 - https:\/\/yoast.com\/product\/yoast-seo-wordpress\/ -->\n<title>Dr. Claudia Schmiedeberg - Gr\u00fcne Kreistagsfraktion Rhein-Neckar<\/title>\n<meta name=\"robots\" content=\"index, follow, max-snippet:-1, max-image-preview:large, max-video-preview:-1\" \/>\n<link rel=\"canonical\" href=\"https:\/\/gruene-kreistag-rnk.de\/index.php\/dr-claudia-schmiedeberg\/\" \/>\n<meta property=\"og:locale\" content=\"de_DE\" \/>\n<meta property=\"og:type\" content=\"article\" \/>\n<meta property=\"og:title\" content=\"Dr. Claudia Schmiedeberg - Gr\u00fcne Kreistagsfraktion Rhein-Neckar\" \/>\n<meta property=\"og:url\" content=\"https:\/\/gruene-kreistag-rnk.de\/index.php\/dr-claudia-schmiedeberg\/\" \/>\n<meta property=\"og:site_name\" content=\"Gr\u00fcne Kreistagsfraktion Rhein-Neckar\" \/>\n<meta property=\"article:modified_time\" content=\"2025-07-30T07:46:25+00:00\" \/>\n<meta property=\"og:image\" content=\"https:\/\/gruene-kreistag-rnk.de\/wp-content\/uploads\/2022\/02\/Claudia-scaled.jpg\" \/>\n\t<meta property=\"og:image:width\" content=\"1706\" \/>\n\t<meta property=\"og:image:height\" content=\"2560\" \/>\n\t<meta property=\"og:image:type\" content=\"image\/jpeg\" \/>\n<meta name=\"twitter:card\" content=\"summary_large_image\" \/>\n<meta name=\"twitter:label1\" content=\"Gesch\u00e4tzte Lesezeit\" \/>\n\t<meta name=\"twitter:data1\" content=\"1\u00a0Minute\" \/>\n<script type=\"application\/ld+json\" class=\"yoast-schema-graph\">{\"@context\":\"https:\\\/\\\/schema.org\",\"@graph\":[{\"@type\":\"WebPage\",\"@id\":\"https:\\\/\\\/gruene-kreistag-rnk.de\\\/index.php\\\/dr-claudia-schmiedeberg\\\/\",\"url\":\"https:\\\/\\\/gruene-kreistag-rnk.de\\\/index.php\\\/dr-claudia-schmiedeberg\\\/\",\"name\":\"Dr. Claudia Schmiedeberg - Gr\u00fcne Kreistagsfraktion Rhein-Neckar\",\"isPartOf\":{\"@id\":\"https:\\\/\\\/gruene-kreistag-rnk.de\\\/#website\"},\"primaryImageOfPage\":{\"@id\":\"https:\\\/\\\/gruene-kreistag-rnk.de\\\/index.php\\\/dr-claudia-schmiedeberg\\\/#primaryimage\"},\"image\":{\"@id\":\"https:\\\/\\\/gruene-kreistag-rnk.de\\\/index.php\\\/dr-claudia-schmiedeberg\\\/#primaryimage\"},\"thumbnailUrl\":\"https:\\\/\\\/gruene-kreistag-rnk.de\\\/wp-content\\\/uploads\\\/2022\\\/02\\\/Claudia-682x1024.jpg\",\"datePublished\":\"2022-02-06T12:35:52+00:00\",\"dateModified\":\"2025-07-30T07:46:25+00:00\",\"breadcrumb\":{\"@id\":\"https:\\\/\\\/gruene-kreistag-rnk.de\\\/index.php\\\/dr-claudia-schmiedeberg\\\/#breadcrumb\"},\"inLanguage\":\"de\",\"potentialAction\":[{\"@type\":\"ReadAction\",\"target\":[\"https:\\\/\\\/gruene-kreistag-rnk.de\\\/index.php\\\/dr-claudia-schmiedeberg\\\/\"]}]},{\"@type\":\"ImageObject\",\"inLanguage\":\"de\",\"@id\":\"https:\\\/\\\/gruene-kreistag-rnk.de\\\/index.php\\\/dr-claudia-schmiedeberg\\\/#primaryimage\",\"url\":\"https:\\\/\\\/gruene-kreistag-rnk.de\\\/wp-content\\\/uploads\\\/2022\\\/02\\\/Claudia-scaled.jpg\",\"contentUrl\":\"https:\\\/\\\/gruene-kreistag-rnk.de\\\/wp-content\\\/uploads\\\/2022\\\/02\\\/Claudia-scaled.jpg\",\"width\":1706,\"height\":2560},{\"@type\":\"BreadcrumbList\",\"@id\":\"https:\\\/\\\/gruene-kreistag-rnk.de\\\/index.php\\\/dr-claudia-schmiedeberg\\\/#breadcrumb\",\"itemListElement\":[{\"@type\":\"ListItem\",\"position\":1,\"name\":\"Startseite\",\"item\":\"https:\\\/\\\/gruene-kreistag-rnk.de\\\/\"},{\"@type\":\"ListItem\",\"position\":2,\"name\":\"Dr. Claudia Schmiedeberg\"}]},{\"@type\":\"WebSite\",\"@id\":\"https:\\\/\\\/gruene-kreistag-rnk.de\\\/#website\",\"url\":\"https:\\\/\\\/gruene-kreistag-rnk.de\\\/\",\"name\":\"Gr\u00fcne Kreistagsfraktion Rhein-Neckar\",\"description\":\"\",\"potentialAction\":[{\"@type\":\"SearchAction\",\"target\":{\"@type\":\"EntryPoint\",\"urlTemplate\":\"https:\\\/\\\/gruene-kreistag-rnk.de\\\/?s={search_term_string}\"},\"query-input\":{\"@type\":\"PropertyValueSpecification\",\"valueRequired\":true,\"valueName\":\"search_term_string\"}}],\"inLanguage\":\"de\"}]}<\/script>\n<!-- \/ Yoast SEO plugin. -->","yoast_head_json":{"title":"Dr. Claudia Schmiedeberg - Gr\u00fcne Kreistagsfraktion Rhein-Neckar","robots":{"index":"index","follow":"follow","max-snippet":"max-snippet:-1","max-image-preview":"max-image-preview:large","max-video-preview":"max-video-preview:-1"},"canonical":"https:\/\/gruene-kreistag-rnk.de\/index.php\/dr-claudia-schmiedeberg\/","og_locale":"de_DE","og_type":"article","og_title":"Dr. Claudia Schmiedeberg - Gr\u00fcne Kreistagsfraktion Rhein-Neckar","og_url":"https:\/\/gruene-kreistag-rnk.de\/index.php\/dr-claudia-schmiedeberg\/","og_site_name":"Gr\u00fcne Kreistagsfraktion Rhein-Neckar","article_modified_time":"2025-07-30T07:46:25+00:00","og_image":[{"width":1706,"height":2560,"url":"https:\/\/gruene-kreistag-rnk.de\/wp-content\/uploads\/2022\/02\/Claudia-scaled.jpg","type":"image\/jpeg"}],"twitter_card":"summary_large_image","twitter_misc":{"Gesch\u00e4tzte Lesezeit":"1\u00a0Minute"},"schema":{"@context":"https:\/\/schema.org","@graph":[{"@type":"WebPage","@id":"https:\/\/gruene-kreistag-rnk.de\/index.php\/dr-claudia-schmiedeberg\/","url":"https:\/\/gruene-kreistag-rnk.de\/index.php\/dr-claudia-schmiedeberg\/","name":"Dr. Claudia Schmiedeberg - Gr\u00fcne Kreistagsfraktion Rhein-Neckar","isPartOf":{"@id":"https:\/\/gruene-kreistag-rnk.de\/#website"},"primaryImageOfPage":{"@id":"https:\/\/gruene-kreistag-rnk.de\/index.php\/dr-claudia-schmiedeberg\/#primaryimage"},"image":{"@id":"https:\/\/gruene-kreistag-rnk.de\/index.php\/dr-claudia-schmiedeberg\/#primaryimage"},"thumbnailUrl":"https:\/\/gruene-kreistag-rnk.de\/wp-content\/uploads\/2022\/02\/Claudia-682x1024.jpg","datePublished":"2022-02-06T12:35:52+00:00","dateModified":"2025-07-30T07:46:25+00:00","breadcrumb":{"@id":"https:\/\/gruene-kreistag-rnk.de\/index.php\/dr-claudia-schmiedeberg\/#breadcrumb"},"inLanguage":"de","potentialAction":[{"@type":"ReadAction","target":["https:\/\/gruene-kreistag-rnk.de\/index.php\/dr-claudia-schmiedeberg\/"]}]},{"@type":"ImageObject","inLanguage":"de","@id":"https:\/\/gruene-kreistag-rnk.de\/index.php\/dr-claudia-schmiedeberg\/#primaryimage","url":"https:\/\/gruene-kreistag-rnk.de\/wp-content\/uploads\/2022\/02\/Claudia-scaled.jpg","contentUrl":"https:\/\/gruene-kreistag-rnk.de\/wp-content\/uploads\/2022\/02\/Claudia-scaled.jpg","width":1706,"height":2560},{"@type":"BreadcrumbList","@id":"https:\/\/gruene-kreistag-rnk.de\/index.php\/dr-claudia-schmiedeberg\/#breadcrumb","itemListElement":[{"@type":"ListItem","position":1,"name":"Startseite","item":"https:\/\/gruene-kreistag-rnk.de\/"},{"@type":"ListItem","position":2,"name":"Dr. Claudia Schmiedeberg"}]},{"@type":"WebSite","@id":"https:\/\/gruene-kreistag-rnk.de\/#website","url":"https:\/\/gruene-kreistag-rnk.de\/","name":"Gr\u00fcne Kreistagsfraktion Rhein-Neckar","description":"","potentialAction":[{"@type":"SearchAction","target":{"@type":"EntryPoint","urlTemplate":"https:\/\/gruene-kreistag-rnk.de\/?s={search_term_string}"},"query-input":{"@type":"PropertyValueSpecification","valueRequired":true,"valueName":"search_term_string"}}],"inLanguage":"de"}]}},"_links":{"self":[{"href":"https:\/\/gruene-kreistag-rnk.de\/index.php\/wp-json\/wp\/v2\/pages\/471","targetHints":{"allow":["GET"]}}],"collection":[{"href":"https:\/\/gruene-kreistag-rnk.de\/index.php\/wp-json\/wp\/v2\/pages"}],"about":[{"href":"https:\/\/gruene-kreistag-rnk.de\/index.php\/wp-json\/wp\/v2\/types\/page"}],"author":[{"embeddable":true,"href":"https:\/\/gruene-kreistag-rnk.de\/index.php\/wp-json\/wp\/v2\/users\/1"}],"replies":[{"embeddable":true,"href":"https:\/\/gruene-kreistag-rnk.de\/index.php\/wp-json\/wp\/v2\/comments?post=471"}],"version-history":[{"count":5,"href":"https:\/\/gruene-kreistag-rnk.de\/index.php\/wp-json\/wp\/v2\/pages\/471\/revisions"}],"predecessor-version":[{"id":2092,"href":"https:\/\/gruene-kreistag-rnk.de\/index.php\/wp-json\/wp\/v2\/pages\/471\/revisions\/2092"}],"wp:attachment":[{"href":"https:\/\/gruene-kreistag-rnk.de\/index.php\/wp-json\/wp\/v2\/media?parent=471"}],"curies":[{"name":"wp","href":"https:\/\/api.w.org\/{rel}","templated":true}]}}