{"id":473,"date":"2022-02-06T12:36:31","date_gmt":"2022-02-06T12:36:31","guid":{"rendered":"https:\/\/gruene-kreistag-rnk.de\/?page_id=473"},"modified":"2025-07-30T20:46:56","modified_gmt":"2025-07-30T19:46:56","slug":"dr-ulla-schmollinger","status":"publish","type":"page","link":"https:\/\/gruene-kreistag-rnk.de\/index.php\/dr-ulla-schmollinger\/","title":{"rendered":"Dr. Ulla Schmollinger"},"content":{"rendered":"\n<div class=\"wp-block-media-text alignwide is-stacked-on-mobile\"><figure class=\"wp-block-media-text__media\"><img loading=\"lazy\" decoding=\"async\" width=\"682\" height=\"1024\" src=\"https:\/\/gruene-kreistag-rnk.de\/wp-content\/uploads\/2022\/02\/Ulla-682x1024.jpg\" alt=\"\" class=\"wp-image-426 size-full\" srcset=\"https:\/\/gruene-kreistag-rnk.de\/wp-content\/uploads\/2022\/02\/Ulla-682x1024.jpg 682w, https:\/\/gruene-kreistag-rnk.de\/wp-content\/uploads\/2022\/02\/Ulla-200x300.jpg 200w, https:\/\/gruene-kreistag-rnk.de\/wp-content\/uploads\/2022\/02\/Ulla-768x1152.jpg 768w, https:\/\/gruene-kreistag-rnk.de\/wp-content\/uploads\/2022\/02\/Ulla-1024x1536.jpg 1024w, https:\/\/gruene-kreistag-rnk.de\/wp-content\/uploads\/2022\/02\/Ulla-1365x2048.jpg 1365w, https:\/\/gruene-kreistag-rnk.de\/wp-content\/uploads\/2022\/02\/Ulla-scaled.jpg 1706w\" sizes=\"auto, (max-width: 682px) 100vw, 682px\" \/><\/figure><div class=\"wp-block-media-text__content\">\n<p>Name: Ursula Schmollinger, Dr. med.<\/p>\n\n\n\n<p>Geburtsjahr: 1955<\/p>\n\n\n\n<p>Kontakt: Ausoniusstra\u00dfe 73, 68526 Ladenburg \/ Tel: 06203 12895<\/p>\n\n\n\n<p>Ausbildung\/ Beruf: Fach\u00e4rztin f\u00fcr An\u00e4sthesie, Zusatzbezeichnung Hom\u00f6opathie<\/p>\n\n\n\n<p>Wahlkreis Edingen-Neckarhausen &#8211; Ilvesheim &#8211; Ladenburg<\/p>\n\n\n\n<p><strong>Funktionen\/Mitgliedschaften\/\u00c4mter im Kreistag: <\/strong><\/p>\n\n\n\n<ul class=\"wp-block-list\">\n<li>seit 2014<\/li>\n\n\n\n<li>Ausschuss f\u00fcr Schulen, Kultur und Sport<\/li>\n\n\n\n<li>Ausschuss f\u00fcr Soziales<\/li>\n\n\n\n<li>Jugendhilfeausschuss<\/li>\n\n\n\n<li>Sportauschuss<\/li>\n\n\n\n<li>Stellvertretendes Mitglied im Ausschuss f\u00fcr Umwelt, Verkehr und Wirtschaft<\/li>\n<\/ul>\n\n\n\n<p><strong>Weitere politische \u00c4mter\/Mitgliedschaften: <\/strong><\/p>\n\n\n\n<p>Mitglied im gr\u00fcnen Ortsverband Ladenburg Mitglied im \u00a0Verein Partnerschaft Garango-Ladenburg e. V. sowie im Freundeskreis der Musikschule Ladenburg (F\u00f6rderverein) Schon fr\u00fch war ich aktiv in der Anti-AKW-Bewegung und in der Arbeit der Friedensinitiativen. Von daher war es f\u00fcr mich auch konsequent in die Partei die GR\u00dcNEN einzutreten, was bereits 1980 der Fall war. Mein Mann (s.u.) und ich waren in einem AK, der den damaligen Heidelberger Landtagsabgeordneten Holger Heimann in gesundheits- und sozialpolitischen Fragen beratend unterst\u00fctzt hat. Von 1985 bis 1989 habe ich bereits schon einmal ein gr\u00fcnes Kreistagsmandat innegehabt und war damals Mitglied im Sozialausschuss. Dort bin ich auch jetzt wieder t\u00e4tig sowie im Jugendhilfeausschuss und im Ausschuss Schulen\/Kultur\/Sport. Als \u00c4rztin und Mutter von drei mittlerweile erwachsenen Kindern und als Oma liegen mir diese Themen besonders am Herzen. Weitere zentrale Themen f\u00fcr mich sind ernst gemeinter Klimaschutz und Verteidigung von Demokratie und friedliches Zusammenleben in einer multikulturellen Gesellschaft ohne Hass, Rassismus und Intoleranz. Verheiratet bin ich seit 1979 mit Martin Schmollinger, der auch seit 1980 Mitglied der GR\u00dcNEN ist und seit 1984 kommunalpolitisch aktiv war v.a. als GR in Ladenburg. Neben meiner Arbeit als An\u00e4sthesistin kam ich 1991 mit der Hom\u00f6opathie in Kontakt, zun\u00e4chst als Patientin, dann habe ich mich in diesem Bereich fortgebildet und 1996 die Zusatzbezeichnung Hom\u00f6opathie bei der Landes\u00e4rztekammer erworben. Eine Heilmethode, die in der Lage ist, die Selbstheilungskr\u00e4fte von kranken Menschen zu mobilisieren und bei Erfolg den v.a. auch dauerhaften Einsatz von Medikamenten entbehrlich machen kann, ist nicht nur f\u00fcr die betroffenen Patienten von Vorteil, sondern ist auch aus \u00f6konomischen (reduzierte Behandlungskosten) und \u00f6kologischen (Arzneimittelr\u00fcckst\u00e4nde in der Umwelt) Gr\u00fcnden sinnvoll. In meiner knapp bemessenen Freizeit gehe ich gerne Fahrrad fahren, schwimmen und wandern, vor allem aber fotografiere ich sehr gerne vorzugsweise Motive aus der Natur. Ein weiteres Hobby ist Musik, aber dazu fehlt leider komplett die Zeit.<\/p>\n<\/div><\/div>\n","protected":false},"excerpt":{"rendered":"","protected":false},"author":1,"featured_media":0,"parent":0,"menu_order":0,"comment_status":"closed","ping_status":"closed","template":"","meta":{"footnotes":""},"class_list":["post-473","page","type-page","status-publish","hentry"],"yoast_head":"<!-- This site is optimized with the Yoast SEO plugin v27.5 - https:\/\/yoast.com\/product\/yoast-seo-wordpress\/ -->\n<title>Dr. Ulla Schmollinger - Gr\u00fcne Kreistagsfraktion Rhein-Neckar<\/title>\n<meta name=\"robots\" content=\"index, follow, max-snippet:-1, max-image-preview:large, max-video-preview:-1\" \/>\n<link rel=\"canonical\" href=\"https:\/\/gruene-kreistag-rnk.de\/index.php\/dr-ulla-schmollinger\/\" \/>\n<meta property=\"og:locale\" content=\"de_DE\" \/>\n<meta property=\"og:type\" content=\"article\" \/>\n<meta property=\"og:title\" content=\"Dr. Ulla Schmollinger - Gr\u00fcne Kreistagsfraktion Rhein-Neckar\" \/>\n<meta property=\"og:url\" content=\"https:\/\/gruene-kreistag-rnk.de\/index.php\/dr-ulla-schmollinger\/\" \/>\n<meta property=\"og:site_name\" content=\"Gr\u00fcne Kreistagsfraktion Rhein-Neckar\" \/>\n<meta property=\"article:modified_time\" content=\"2025-07-30T19:46:56+00:00\" \/>\n<meta property=\"og:image\" content=\"https:\/\/gruene-kreistag-rnk.de\/wp-content\/uploads\/2022\/02\/Ulla-scaled.jpg\" \/>\n\t<meta property=\"og:image:width\" content=\"1706\" \/>\n\t<meta property=\"og:image:height\" content=\"2560\" \/>\n\t<meta property=\"og:image:type\" content=\"image\/jpeg\" \/>\n<meta name=\"twitter:card\" content=\"summary_large_image\" \/>\n<meta name=\"twitter:label1\" content=\"Gesch\u00e4tzte Lesezeit\" \/>\n\t<meta name=\"twitter:data1\" content=\"3\u00a0Minuten\" \/>\n<script type=\"application\/ld+json\" class=\"yoast-schema-graph\">{\"@context\":\"https:\\\/\\\/schema.org\",\"@graph\":[{\"@type\":\"WebPage\",\"@id\":\"https:\\\/\\\/gruene-kreistag-rnk.de\\\/index.php\\\/dr-ulla-schmollinger\\\/\",\"url\":\"https:\\\/\\\/gruene-kreistag-rnk.de\\\/index.php\\\/dr-ulla-schmollinger\\\/\",\"name\":\"Dr. Ulla Schmollinger - Gr\u00fcne Kreistagsfraktion Rhein-Neckar\",\"isPartOf\":{\"@id\":\"https:\\\/\\\/gruene-kreistag-rnk.de\\\/#website\"},\"primaryImageOfPage\":{\"@id\":\"https:\\\/\\\/gruene-kreistag-rnk.de\\\/index.php\\\/dr-ulla-schmollinger\\\/#primaryimage\"},\"image\":{\"@id\":\"https:\\\/\\\/gruene-kreistag-rnk.de\\\/index.php\\\/dr-ulla-schmollinger\\\/#primaryimage\"},\"thumbnailUrl\":\"https:\\\/\\\/gruene-kreistag-rnk.de\\\/wp-content\\\/uploads\\\/2022\\\/02\\\/Ulla-682x1024.jpg\",\"datePublished\":\"2022-02-06T12:36:31+00:00\",\"dateModified\":\"2025-07-30T19:46:56+00:00\",\"breadcrumb\":{\"@id\":\"https:\\\/\\\/gruene-kreistag-rnk.de\\\/index.php\\\/dr-ulla-schmollinger\\\/#breadcrumb\"},\"inLanguage\":\"de\",\"potentialAction\":[{\"@type\":\"ReadAction\",\"target\":[\"https:\\\/\\\/gruene-kreistag-rnk.de\\\/index.php\\\/dr-ulla-schmollinger\\\/\"]}]},{\"@type\":\"ImageObject\",\"inLanguage\":\"de\",\"@id\":\"https:\\\/\\\/gruene-kreistag-rnk.de\\\/index.php\\\/dr-ulla-schmollinger\\\/#primaryimage\",\"url\":\"https:\\\/\\\/gruene-kreistag-rnk.de\\\/wp-content\\\/uploads\\\/2022\\\/02\\\/Ulla-scaled.jpg\",\"contentUrl\":\"https:\\\/\\\/gruene-kreistag-rnk.de\\\/wp-content\\\/uploads\\\/2022\\\/02\\\/Ulla-scaled.jpg\",\"width\":1706,\"height\":2560},{\"@type\":\"BreadcrumbList\",\"@id\":\"https:\\\/\\\/gruene-kreistag-rnk.de\\\/index.php\\\/dr-ulla-schmollinger\\\/#breadcrumb\",\"itemListElement\":[{\"@type\":\"ListItem\",\"position\":1,\"name\":\"Startseite\",\"item\":\"https:\\\/\\\/gruene-kreistag-rnk.de\\\/\"},{\"@type\":\"ListItem\",\"position\":2,\"name\":\"Dr. Ulla Schmollinger\"}]},{\"@type\":\"WebSite\",\"@id\":\"https:\\\/\\\/gruene-kreistag-rnk.de\\\/#website\",\"url\":\"https:\\\/\\\/gruene-kreistag-rnk.de\\\/\",\"name\":\"Gr\u00fcne Kreistagsfraktion Rhein-Neckar\",\"description\":\"\",\"potentialAction\":[{\"@type\":\"SearchAction\",\"target\":{\"@type\":\"EntryPoint\",\"urlTemplate\":\"https:\\\/\\\/gruene-kreistag-rnk.de\\\/?s={search_term_string}\"},\"query-input\":{\"@type\":\"PropertyValueSpecification\",\"valueRequired\":true,\"valueName\":\"search_term_string\"}}],\"inLanguage\":\"de\"}]}<\/script>\n<!-- \/ Yoast SEO plugin. -->","yoast_head_json":{"title":"Dr. Ulla Schmollinger - Gr\u00fcne Kreistagsfraktion Rhein-Neckar","robots":{"index":"index","follow":"follow","max-snippet":"max-snippet:-1","max-image-preview":"max-image-preview:large","max-video-preview":"max-video-preview:-1"},"canonical":"https:\/\/gruene-kreistag-rnk.de\/index.php\/dr-ulla-schmollinger\/","og_locale":"de_DE","og_type":"article","og_title":"Dr. Ulla Schmollinger - Gr\u00fcne Kreistagsfraktion Rhein-Neckar","og_url":"https:\/\/gruene-kreistag-rnk.de\/index.php\/dr-ulla-schmollinger\/","og_site_name":"Gr\u00fcne Kreistagsfraktion Rhein-Neckar","article_modified_time":"2025-07-30T19:46:56+00:00","og_image":[{"width":1706,"height":2560,"url":"https:\/\/gruene-kreistag-rnk.de\/wp-content\/uploads\/2022\/02\/Ulla-scaled.jpg","type":"image\/jpeg"}],"twitter_card":"summary_large_image","twitter_misc":{"Gesch\u00e4tzte Lesezeit":"3\u00a0Minuten"},"schema":{"@context":"https:\/\/schema.org","@graph":[{"@type":"WebPage","@id":"https:\/\/gruene-kreistag-rnk.de\/index.php\/dr-ulla-schmollinger\/","url":"https:\/\/gruene-kreistag-rnk.de\/index.php\/dr-ulla-schmollinger\/","name":"Dr. Ulla Schmollinger - Gr\u00fcne Kreistagsfraktion Rhein-Neckar","isPartOf":{"@id":"https:\/\/gruene-kreistag-rnk.de\/#website"},"primaryImageOfPage":{"@id":"https:\/\/gruene-kreistag-rnk.de\/index.php\/dr-ulla-schmollinger\/#primaryimage"},"image":{"@id":"https:\/\/gruene-kreistag-rnk.de\/index.php\/dr-ulla-schmollinger\/#primaryimage"},"thumbnailUrl":"https:\/\/gruene-kreistag-rnk.de\/wp-content\/uploads\/2022\/02\/Ulla-682x1024.jpg","datePublished":"2022-02-06T12:36:31+00:00","dateModified":"2025-07-30T19:46:56+00:00","breadcrumb":{"@id":"https:\/\/gruene-kreistag-rnk.de\/index.php\/dr-ulla-schmollinger\/#breadcrumb"},"inLanguage":"de","potentialAction":[{"@type":"ReadAction","target":["https:\/\/gruene-kreistag-rnk.de\/index.php\/dr-ulla-schmollinger\/"]}]},{"@type":"ImageObject","inLanguage":"de","@id":"https:\/\/gruene-kreistag-rnk.de\/index.php\/dr-ulla-schmollinger\/#primaryimage","url":"https:\/\/gruene-kreistag-rnk.de\/wp-content\/uploads\/2022\/02\/Ulla-scaled.jpg","contentUrl":"https:\/\/gruene-kreistag-rnk.de\/wp-content\/uploads\/2022\/02\/Ulla-scaled.jpg","width":1706,"height":2560},{"@type":"BreadcrumbList","@id":"https:\/\/gruene-kreistag-rnk.de\/index.php\/dr-ulla-schmollinger\/#breadcrumb","itemListElement":[{"@type":"ListItem","position":1,"name":"Startseite","item":"https:\/\/gruene-kreistag-rnk.de\/"},{"@type":"ListItem","position":2,"name":"Dr. Ulla Schmollinger"}]},{"@type":"WebSite","@id":"https:\/\/gruene-kreistag-rnk.de\/#website","url":"https:\/\/gruene-kreistag-rnk.de\/","name":"Gr\u00fcne Kreistagsfraktion Rhein-Neckar","description":"","potentialAction":[{"@type":"SearchAction","target":{"@type":"EntryPoint","urlTemplate":"https:\/\/gruene-kreistag-rnk.de\/?s={search_term_string}"},"query-input":{"@type":"PropertyValueSpecification","valueRequired":true,"valueName":"search_term_string"}}],"inLanguage":"de"}]}},"_links":{"self":[{"href":"https:\/\/gruene-kreistag-rnk.de\/index.php\/wp-json\/wp\/v2\/pages\/473","targetHints":{"allow":["GET"]}}],"collection":[{"href":"https:\/\/gruene-kreistag-rnk.de\/index.php\/wp-json\/wp\/v2\/pages"}],"about":[{"href":"https:\/\/gruene-kreistag-rnk.de\/index.php\/wp-json\/wp\/v2\/types\/page"}],"author":[{"embeddable":true,"href":"https:\/\/gruene-kreistag-rnk.de\/index.php\/wp-json\/wp\/v2\/users\/1"}],"replies":[{"embeddable":true,"href":"https:\/\/gruene-kreistag-rnk.de\/index.php\/wp-json\/wp\/v2\/comments?post=473"}],"version-history":[{"count":7,"href":"https:\/\/gruene-kreistag-rnk.de\/index.php\/wp-json\/wp\/v2\/pages\/473\/revisions"}],"predecessor-version":[{"id":2117,"href":"https:\/\/gruene-kreistag-rnk.de\/index.php\/wp-json\/wp\/v2\/pages\/473\/revisions\/2117"}],"wp:attachment":[{"href":"https:\/\/gruene-kreistag-rnk.de\/index.php\/wp-json\/wp\/v2\/media?parent=473"}],"curies":[{"name":"wp","href":"https:\/\/api.w.org\/{rel}","templated":true}]}}