{"id":477,"date":"2022-02-06T12:37:30","date_gmt":"2022-02-06T12:37:30","guid":{"rendered":"https:\/\/gruene-kreistag-rnk.de\/?page_id=477"},"modified":"2022-05-16T14:21:20","modified_gmt":"2022-05-16T13:21:20","slug":"fadime-tuncer","status":"publish","type":"page","link":"https:\/\/gruene-kreistag-rnk.de\/index.php\/fadime-tuncer\/","title":{"rendered":"Fadime Tuncer"},"content":{"rendered":"\n<div class=\"wp-block-media-text alignwide is-stacked-on-mobile\"><figure class=\"wp-block-media-text__media\"><img loading=\"lazy\" decoding=\"async\" width=\"683\" height=\"1024\" src=\"https:\/\/gruene-kreistag-rnk.de\/wp-content\/uploads\/2022\/02\/Fadime-683x1024.jpg\" alt=\"\" class=\"wp-image-348 size-full\" srcset=\"https:\/\/gruene-kreistag-rnk.de\/wp-content\/uploads\/2022\/02\/Fadime-683x1024.jpg 683w, https:\/\/gruene-kreistag-rnk.de\/wp-content\/uploads\/2022\/02\/Fadime-200x300.jpg 200w, https:\/\/gruene-kreistag-rnk.de\/wp-content\/uploads\/2022\/02\/Fadime-768x1152.jpg 768w, https:\/\/gruene-kreistag-rnk.de\/wp-content\/uploads\/2022\/02\/Fadime-1024x1536.jpg 1024w, https:\/\/gruene-kreistag-rnk.de\/wp-content\/uploads\/2022\/02\/Fadime-1366x2048.jpg 1366w, https:\/\/gruene-kreistag-rnk.de\/wp-content\/uploads\/2022\/02\/Fadime-scaled.jpg 1707w\" sizes=\"auto, (max-width: 683px) 100vw, 683px\" \/><\/figure><div class=\"wp-block-media-text__content\">\n<p>Name: Fadime Tuncer M.A.<br>Mitglied im Kreistag <br>bis 3. Mai. 2022 ( <a href=\"https:\/\/gruene-kreistag-rnk.de\/index.php\/2022\/05\/04\/wechsel-in-der-gruenen-kreistagsfraktion\/\">Artikel<\/a> )<\/p>\n\n\n\n<p>Geburtsjahr: 1969 <\/p>\n\n\n\n<p>Kontakt: Alexander-Mack-Str. 6a, 69198 Schriesheim, Mobil: 0173\/8468402, info@fadimetuncer.de<\/p>\n\n\n\n<p>Ausbildung\/Beruf: Studium Politikwissenschaften, Soziologie und \u00d6ffentliches Recht (M.A.), Wahlkreisreferentin<\/p>\n\n\n\n<p>Wahlkreis Dossenheim-Schriesheim-Hirschberg<\/p>\n\n\n\n<p>Funktionen\/Mitgliedschaften im Kreistag Stellv. Fraktionssprecherin der Gr\u00fcnen Kreistagsfraktion Aussch\u00fcsse\/Beir\u00e4te\/Aufsichtsr\u00e4te: Mitglied im Verwaltungs- und Finanzausschuss und im Ausschuss f\u00fcr Schulen- Kultur und Sport, Stellv. Mitglied im Ausschuss f\u00fcr Umwelt-, Verkehr- und Wirtschaft, Ausschuss f\u00fcr Soziales, Jugendhilfehausschuss, Arbeitsgemeinschaft &#8222;F\u00f6rderma\u00dfnahmen auf dem sozialen Sektor&#8220;, Aufsichtsratsmitglied in AVR BioTerra GmbH &amp; Co. KG und AVR UmweltService GmbH.<\/p>\n\n\n\n<p>Weitere politische \u00c4mter\/Mitgliedschaften: Stellv. B\u00fcrgermeisterin, Stadtr\u00e4tin, Gesch\u00e4ftsf\u00fchrende Kreisvorsitzende Kreisverband Neckar-Bergstra\u00dfe von B\u00fcndnis 90\/DIE GR\u00dcNEN, Ehrenamtliche Richterin am Sozialgericht in Mannheim<\/p>\n<\/div><\/div>\n","protected":false},"excerpt":{"rendered":"<p>Name: Fadime Tuncer M.A.Mitglied im Kreistag bis 3. Mai. 2022 ( Artikel ) Geburtsjahr: 1969 Kontakt: Alexander-Mack-Str. 6a, 69198 Schriesheim, Mobil: 0173\/8468402, info@fadimetuncer.de Ausbildung\/Beruf: Studium Politikwissenschaften, Soziologie und \u00d6ffentliches Recht [&hellip;]<\/p>\n","protected":false},"author":1,"featured_media":0,"parent":0,"menu_order":0,"comment_status":"closed","ping_status":"closed","template":"","meta":{"footnotes":""},"class_list":["post-477","page","type-page","status-publish","hentry"],"yoast_head":"<!-- This site is optimized with the Yoast SEO plugin v27.5 - https:\/\/yoast.com\/product\/yoast-seo-wordpress\/ -->\n<title>Fadime Tuncer - Gr\u00fcne Kreistagsfraktion Rhein-Neckar<\/title>\n<meta name=\"robots\" content=\"index, follow, max-snippet:-1, max-image-preview:large, max-video-preview:-1\" \/>\n<link rel=\"canonical\" href=\"https:\/\/gruene-kreistag-rnk.de\/index.php\/fadime-tuncer\/\" \/>\n<meta property=\"og:locale\" content=\"de_DE\" \/>\n<meta property=\"og:type\" content=\"article\" \/>\n<meta property=\"og:title\" content=\"Fadime Tuncer - Gr\u00fcne Kreistagsfraktion Rhein-Neckar\" \/>\n<meta property=\"og:description\" content=\"Name: Fadime Tuncer M.A.Mitglied im Kreistag bis 3. Mai. 2022 ( Artikel ) Geburtsjahr: 1969 Kontakt: Alexander-Mack-Str. 6a, 69198 Schriesheim, Mobil: 0173\/8468402, info@fadimetuncer.de Ausbildung\/Beruf: Studium Politikwissenschaften, Soziologie und \u00d6ffentliches Recht [&hellip;]\" \/>\n<meta property=\"og:url\" content=\"https:\/\/gruene-kreistag-rnk.de\/index.php\/fadime-tuncer\/\" \/>\n<meta property=\"og:site_name\" content=\"Gr\u00fcne Kreistagsfraktion Rhein-Neckar\" \/>\n<meta property=\"article:modified_time\" content=\"2022-05-16T13:21:20+00:00\" \/>\n<meta property=\"og:image\" content=\"https:\/\/gruene-kreistag-rnk.de\/wp-content\/uploads\/2022\/02\/Fadime-683x1024.jpg\" \/>\n<meta name=\"twitter:card\" content=\"summary_large_image\" \/>\n<meta name=\"twitter:label1\" content=\"Gesch\u00e4tzte Lesezeit\" \/>\n\t<meta name=\"twitter:data1\" content=\"1\u00a0Minute\" \/>\n<script type=\"application\/ld+json\" class=\"yoast-schema-graph\">{\"@context\":\"https:\\\/\\\/schema.org\",\"@graph\":[{\"@type\":\"WebPage\",\"@id\":\"https:\\\/\\\/gruene-kreistag-rnk.de\\\/index.php\\\/fadime-tuncer\\\/\",\"url\":\"https:\\\/\\\/gruene-kreistag-rnk.de\\\/index.php\\\/fadime-tuncer\\\/\",\"name\":\"Fadime Tuncer - Gr\u00fcne Kreistagsfraktion Rhein-Neckar\",\"isPartOf\":{\"@id\":\"https:\\\/\\\/gruene-kreistag-rnk.de\\\/#website\"},\"primaryImageOfPage\":{\"@id\":\"https:\\\/\\\/gruene-kreistag-rnk.de\\\/index.php\\\/fadime-tuncer\\\/#primaryimage\"},\"image\":{\"@id\":\"https:\\\/\\\/gruene-kreistag-rnk.de\\\/index.php\\\/fadime-tuncer\\\/#primaryimage\"},\"thumbnailUrl\":\"https:\\\/\\\/gruene-kreistag-rnk.de\\\/wp-content\\\/uploads\\\/2022\\\/02\\\/Fadime-683x1024.jpg\",\"datePublished\":\"2022-02-06T12:37:30+00:00\",\"dateModified\":\"2022-05-16T13:21:20+00:00\",\"breadcrumb\":{\"@id\":\"https:\\\/\\\/gruene-kreistag-rnk.de\\\/index.php\\\/fadime-tuncer\\\/#breadcrumb\"},\"inLanguage\":\"de\",\"potentialAction\":[{\"@type\":\"ReadAction\",\"target\":[\"https:\\\/\\\/gruene-kreistag-rnk.de\\\/index.php\\\/fadime-tuncer\\\/\"]}]},{\"@type\":\"ImageObject\",\"inLanguage\":\"de\",\"@id\":\"https:\\\/\\\/gruene-kreistag-rnk.de\\\/index.php\\\/fadime-tuncer\\\/#primaryimage\",\"url\":\"https:\\\/\\\/gruene-kreistag-rnk.de\\\/wp-content\\\/uploads\\\/2022\\\/02\\\/Fadime-scaled.jpg\",\"contentUrl\":\"https:\\\/\\\/gruene-kreistag-rnk.de\\\/wp-content\\\/uploads\\\/2022\\\/02\\\/Fadime-scaled.jpg\",\"width\":1707,\"height\":2560},{\"@type\":\"BreadcrumbList\",\"@id\":\"https:\\\/\\\/gruene-kreistag-rnk.de\\\/index.php\\\/fadime-tuncer\\\/#breadcrumb\",\"itemListElement\":[{\"@type\":\"ListItem\",\"position\":1,\"name\":\"Startseite\",\"item\":\"https:\\\/\\\/gruene-kreistag-rnk.de\\\/\"},{\"@type\":\"ListItem\",\"position\":2,\"name\":\"Fadime Tuncer\"}]},{\"@type\":\"WebSite\",\"@id\":\"https:\\\/\\\/gruene-kreistag-rnk.de\\\/#website\",\"url\":\"https:\\\/\\\/gruene-kreistag-rnk.de\\\/\",\"name\":\"Gr\u00fcne Kreistagsfraktion Rhein-Neckar\",\"description\":\"\",\"potentialAction\":[{\"@type\":\"SearchAction\",\"target\":{\"@type\":\"EntryPoint\",\"urlTemplate\":\"https:\\\/\\\/gruene-kreistag-rnk.de\\\/?s={search_term_string}\"},\"query-input\":{\"@type\":\"PropertyValueSpecification\",\"valueRequired\":true,\"valueName\":\"search_term_string\"}}],\"inLanguage\":\"de\"}]}<\/script>\n<!-- \/ Yoast SEO plugin. -->","yoast_head_json":{"title":"Fadime Tuncer - Gr\u00fcne Kreistagsfraktion Rhein-Neckar","robots":{"index":"index","follow":"follow","max-snippet":"max-snippet:-1","max-image-preview":"max-image-preview:large","max-video-preview":"max-video-preview:-1"},"canonical":"https:\/\/gruene-kreistag-rnk.de\/index.php\/fadime-tuncer\/","og_locale":"de_DE","og_type":"article","og_title":"Fadime Tuncer - Gr\u00fcne Kreistagsfraktion Rhein-Neckar","og_description":"Name: Fadime Tuncer M.A.Mitglied im Kreistag bis 3. Mai. 2022 ( Artikel ) Geburtsjahr: 1969 Kontakt: Alexander-Mack-Str. 6a, 69198 Schriesheim, Mobil: 0173\/8468402, info@fadimetuncer.de Ausbildung\/Beruf: Studium Politikwissenschaften, Soziologie und \u00d6ffentliches Recht [&hellip;]","og_url":"https:\/\/gruene-kreistag-rnk.de\/index.php\/fadime-tuncer\/","og_site_name":"Gr\u00fcne Kreistagsfraktion Rhein-Neckar","article_modified_time":"2022-05-16T13:21:20+00:00","og_image":[{"url":"https:\/\/gruene-kreistag-rnk.de\/wp-content\/uploads\/2022\/02\/Fadime-683x1024.jpg","type":"","width":"","height":""}],"twitter_card":"summary_large_image","twitter_misc":{"Gesch\u00e4tzte Lesezeit":"1\u00a0Minute"},"schema":{"@context":"https:\/\/schema.org","@graph":[{"@type":"WebPage","@id":"https:\/\/gruene-kreistag-rnk.de\/index.php\/fadime-tuncer\/","url":"https:\/\/gruene-kreistag-rnk.de\/index.php\/fadime-tuncer\/","name":"Fadime Tuncer - Gr\u00fcne Kreistagsfraktion Rhein-Neckar","isPartOf":{"@id":"https:\/\/gruene-kreistag-rnk.de\/#website"},"primaryImageOfPage":{"@id":"https:\/\/gruene-kreistag-rnk.de\/index.php\/fadime-tuncer\/#primaryimage"},"image":{"@id":"https:\/\/gruene-kreistag-rnk.de\/index.php\/fadime-tuncer\/#primaryimage"},"thumbnailUrl":"https:\/\/gruene-kreistag-rnk.de\/wp-content\/uploads\/2022\/02\/Fadime-683x1024.jpg","datePublished":"2022-02-06T12:37:30+00:00","dateModified":"2022-05-16T13:21:20+00:00","breadcrumb":{"@id":"https:\/\/gruene-kreistag-rnk.de\/index.php\/fadime-tuncer\/#breadcrumb"},"inLanguage":"de","potentialAction":[{"@type":"ReadAction","target":["https:\/\/gruene-kreistag-rnk.de\/index.php\/fadime-tuncer\/"]}]},{"@type":"ImageObject","inLanguage":"de","@id":"https:\/\/gruene-kreistag-rnk.de\/index.php\/fadime-tuncer\/#primaryimage","url":"https:\/\/gruene-kreistag-rnk.de\/wp-content\/uploads\/2022\/02\/Fadime-scaled.jpg","contentUrl":"https:\/\/gruene-kreistag-rnk.de\/wp-content\/uploads\/2022\/02\/Fadime-scaled.jpg","width":1707,"height":2560},{"@type":"BreadcrumbList","@id":"https:\/\/gruene-kreistag-rnk.de\/index.php\/fadime-tuncer\/#breadcrumb","itemListElement":[{"@type":"ListItem","position":1,"name":"Startseite","item":"https:\/\/gruene-kreistag-rnk.de\/"},{"@type":"ListItem","position":2,"name":"Fadime Tuncer"}]},{"@type":"WebSite","@id":"https:\/\/gruene-kreistag-rnk.de\/#website","url":"https:\/\/gruene-kreistag-rnk.de\/","name":"Gr\u00fcne Kreistagsfraktion Rhein-Neckar","description":"","potentialAction":[{"@type":"SearchAction","target":{"@type":"EntryPoint","urlTemplate":"https:\/\/gruene-kreistag-rnk.de\/?s={search_term_string}"},"query-input":{"@type":"PropertyValueSpecification","valueRequired":true,"valueName":"search_term_string"}}],"inLanguage":"de"}]}},"_links":{"self":[{"href":"https:\/\/gruene-kreistag-rnk.de\/index.php\/wp-json\/wp\/v2\/pages\/477","targetHints":{"allow":["GET"]}}],"collection":[{"href":"https:\/\/gruene-kreistag-rnk.de\/index.php\/wp-json\/wp\/v2\/pages"}],"about":[{"href":"https:\/\/gruene-kreistag-rnk.de\/index.php\/wp-json\/wp\/v2\/types\/page"}],"author":[{"embeddable":true,"href":"https:\/\/gruene-kreistag-rnk.de\/index.php\/wp-json\/wp\/v2\/users\/1"}],"replies":[{"embeddable":true,"href":"https:\/\/gruene-kreistag-rnk.de\/index.php\/wp-json\/wp\/v2\/comments?post=477"}],"version-history":[{"count":5,"href":"https:\/\/gruene-kreistag-rnk.de\/index.php\/wp-json\/wp\/v2\/pages\/477\/revisions"}],"predecessor-version":[{"id":1300,"href":"https:\/\/gruene-kreistag-rnk.de\/index.php\/wp-json\/wp\/v2\/pages\/477\/revisions\/1300"}],"wp:attachment":[{"href":"https:\/\/gruene-kreistag-rnk.de\/index.php\/wp-json\/wp\/v2\/media?parent=477"}],"curies":[{"name":"wp","href":"https:\/\/api.w.org\/{rel}","templated":true}]}}